{"id":55,"date":"2025-10-04T13:51:03","date_gmt":"2025-10-04T13:51:03","guid":{"rendered":"https:\/\/mercamax.sistema-wp.com\/?post_type=product&#038;p=55"},"modified":"2025-11-27T20:20:36","modified_gmt":"2025-11-27T20:20:36","slug":"contenedor-para-desechos-360-lts","status":"publish","type":"product","link":"https:\/\/mercaplast.sistema-wp.com\/?product=contenedor-para-desechos-360-lts","title":{"rendered":"Punto Ecol\u00f3gico con Estructura Met\u00e1lica de 3 tachos | Simple"},"content":{"rendered":"<h2 data-start=\"729\" data-end=\"757\"><strong data-start=\"736\" data-end=\"757\">Descripci\u00f3n del producto<br \/>\n<\/strong><\/h2>\n<p data-start=\"758\" data-end=\"1109\">El <strong data-start=\"761\" data-end=\"820\">Punto Ecol\u00f3gico con Estructura Met\u00e1lica de 50-53 litros<\/strong> es la soluci\u00f3n perfecta para promover la gesti\u00f3n responsable de residuos en cualquier entorno. Su resistente estructura met\u00e1lica brinda estabilidad y durabilidad, mientras que los tres tachos ecol\u00f3gicos permiten una clasificaci\u00f3n eficiente: pl\u00e1sticos, papel\/cart\u00f3n y desechos org\u00e1nicos.<\/p>\n<p data-start=\"1111\" data-end=\"1304\">Cada recipiente est\u00e1 identificado por color y s\u00edmbolo de reciclaje, facilitando su uso y fomentando una cultura de reciclaje en oficinas, escuelas, parques, empresas e instituciones p\u00fablicas.<\/p>\n<p data-start=\"1306\" data-end=\"1443\">Este modelo incluye la opci\u00f3n de personalizar el <strong data-start=\"1355\" data-end=\"1392\">sticker con el logo de su empresa<\/strong>, reforzando su compromiso con la sostenibilidad.<\/p>\n<h3 data-start=\"1445\" data-end=\"1479\"><strong data-start=\"1445\" data-end=\"1477\">Caracter\u00edsticas principales:<\/strong><\/h3>\n<ul data-start=\"1480\" data-end=\"1813\">\n<li data-start=\"1480\" data-end=\"1517\">\n<p data-start=\"1482\" data-end=\"1517\">Capacidad: 50-53 litros por tacho<\/p>\n<\/li>\n<li data-start=\"1518\" data-end=\"1561\">\n<p data-start=\"1520\" data-end=\"1561\">Estructura met\u00e1lica de alta resistencia<\/p>\n<\/li>\n<li data-start=\"1562\" data-end=\"1646\">\n<p data-start=\"1564\" data-end=\"1646\">Tachos en tres colores (azul, gris y verde) o personalizados seg\u00fan requerimiento<\/p>\n<\/li>\n<li data-start=\"1647\" data-end=\"1701\">\n<p data-start=\"1649\" data-end=\"1701\">Identificaci\u00f3n visual con \u00edconos y texto ecol\u00f3gico<\/p>\n<\/li>\n<li data-start=\"1702\" data-end=\"1736\">\n<p data-start=\"1704\" data-end=\"1736\">F\u00e1cil limpieza y mantenimiento<\/p>\n<\/li>\n<li data-start=\"1737\" data-end=\"1784\">\n<p data-start=\"1739\" data-end=\"1784\">Ideal para interiores y exteriores techados<\/p>\n<\/li>\n<li data-start=\"1785\" data-end=\"1813\">\n<p data-start=\"1787\" data-end=\"1813\">Env\u00edos a todo el Ecuador<\/p>\n<\/li>\n<\/ul>\n","protected":false},"excerpt":{"rendered":"<p>Cuerpo y tapa en polietileno de alta densidad coloreado en masa y tratado contra radiaciones ultravioletas. Contenedores para trabajo pesado y de calidad comprobada. Funciona como contenedor de basura individual o para reciclaje de residuos seg\u00fan el color de los contenedores.<\/p>\n","protected":false},"featured_media":133,"comment_status":"open","ping_status":"closed","template":"","meta":[],"product_brand":[],"product_cat":[17],"product_tag":[],"class_list":{"0":"post-55","1":"product","2":"type-product","3":"status-publish","4":"has-post-thumbnail","6":"product_cat-contenedores","7":"pa_capacidad-50-53-lts","8":"pa_color-azul-verde-gris","10":"first","11":"instock","12":"shipping-taxable","13":"product-type-variable","14":"has-default-attributes"},"_links":{"self":[{"href":"https:\/\/mercaplast.sistema-wp.com\/index.php?rest_route=\/wp\/v2\/product\/55","targetHints":{"allow":["GET"]}}],"collection":[{"href":"https:\/\/mercaplast.sistema-wp.com\/index.php?rest_route=\/wp\/v2\/product"}],"about":[{"href":"https:\/\/mercaplast.sistema-wp.com\/index.php?rest_route=\/wp\/v2\/types\/product"}],"replies":[{"embeddable":true,"href":"https:\/\/mercaplast.sistema-wp.com\/index.php?rest_route=%2Fwp%2Fv2%2Fcomments&post=55"}],"wp:featuredmedia":[{"embeddable":true,"href":"https:\/\/mercaplast.sistema-wp.com\/index.php?rest_route=\/wp\/v2\/media\/133"}],"wp:attachment":[{"href":"https:\/\/mercaplast.sistema-wp.com\/index.php?rest_route=%2Fwp%2Fv2%2Fmedia&parent=55"}],"wp:term":[{"taxonomy":"product_brand","embeddable":true,"href":"https:\/\/mercaplast.sistema-wp.com\/index.php?rest_route=%2Fwp%2Fv2%2Fproduct_brand&post=55"},{"taxonomy":"product_cat","embeddable":true,"href":"https:\/\/mercaplast.sistema-wp.com\/index.php?rest_route=%2Fwp%2Fv2%2Fproduct_cat&post=55"},{"taxonomy":"product_tag","embeddable":true,"href":"https:\/\/mercaplast.sistema-wp.com\/index.php?rest_route=%2Fwp%2Fv2%2Fproduct_tag&post=55"}],"curies":[{"name":"wp","href":"https:\/\/api.w.org\/{rel}","templated":true}]}}