{"id":224,"date":"2025-11-27T22:05:48","date_gmt":"2025-11-27T22:05:48","guid":{"rendered":"https:\/\/mercamax.sistema-wp.com\/?post_type=product&#038;p=224"},"modified":"2025-12-06T03:38:36","modified_gmt":"2025-12-06T03:38:36","slug":"tacho-verde-para-desechos-reciclables","status":"publish","type":"product","link":"https:\/\/mercaplast.sistema-wp.com\/?product=tacho-verde-para-desechos-reciclables","title":{"rendered":"Tacho verde para desechos reciclables"},"content":{"rendered":"<h2>Descripci\u00f3n del producto<\/h2>\n<p data-start=\"425\" data-end=\"843\">El <strong data-start=\"428\" data-end=\"451\">Tacho<\/strong>\u00a0est\u00e1 dise\u00f1ado para la <strong data-start=\"474\" data-end=\"529\">recolecci\u00f3n y clasificaci\u00f3n de desechos reciclables<\/strong>, como pl\u00e1sticos, metales o materiales no biodegradables. Su estructura robusta y duradera, fabricada en <strong data-start=\"634\" data-end=\"666\">pl\u00e1stico de alta resistencia<\/strong>, lo convierte en una opci\u00f3n ideal para el uso en espacios p\u00fablicos, instituciones educativas, oficinas, empresas y hogares comprometidos con la gesti\u00f3n responsable de residuos.<\/p>\n<p data-start=\"845\" data-end=\"1108\">El color negro y el r\u00f3tulo \u201cINORG\u00c1NICOS\u201d permiten una identificaci\u00f3n visual r\u00e1pida, facilitando la separaci\u00f3n de residuos y contribuyendo al cuidado del medio ambiente. Su tapa ajustada ayuda a evitar la propagaci\u00f3n de olores y mantiene el \u00e1rea limpia y ordenada.<\/p>\n<p data-start=\"1110\" data-end=\"1142\"><strong data-start=\"1110\" data-end=\"1142\">Caracter\u00edsticas principales:<\/strong><\/p>\n<ul data-start=\"1143\" data-end=\"1493\">\n<li data-start=\"1143\" data-end=\"1201\">\n<p data-start=\"1145\" data-end=\"1201\">Uso recomendado: Desechos inorg\u00e1nicos (no reciclables)<\/p>\n<\/li>\n<li data-start=\"1202\" data-end=\"1253\">\n<p data-start=\"1204\" data-end=\"1253\">Material: Pl\u00e1stico resistente de larga duraci\u00f3n<\/p>\n<\/li>\n<li data-start=\"1254\" data-end=\"1297\">\n<p data-start=\"1256\" data-end=\"1297\">Color: Verde con identificaci\u00f3n visible<\/p>\n<\/li>\n<li data-start=\"1298\" data-end=\"1341\">\n<p data-start=\"1300\" data-end=\"1341\">Capacidad: 50\u201353 litros aproximadamente<\/p>\n<\/li>\n<li data-start=\"1342\" data-end=\"1420\">\n<p data-start=\"1344\" data-end=\"1420\">Ideal para: Hogares, oficinas, escuelas, instituciones p\u00fablicas y privadas<\/p>\n<\/li>\n<li data-start=\"1421\" data-end=\"1493\">\n<p data-start=\"1423\" data-end=\"1493\">Contribuye a la correcta gesti\u00f3n y clasificaci\u00f3n de residuos s\u00f3lidos<\/p>\n<\/li>\n<\/ul>\n<p data-start=\"1495\" data-end=\"1572\"><strong data-start=\"1495\" data-end=\"1572\">Promueve la limpieza, el orden y el compromiso ambiental en cada espacio.<\/strong><\/p>\n","protected":false},"excerpt":{"rendered":"<p>Tacho Marquez Negro para desechos inorg\u00e1nicos, fabricado en pl\u00e1stico de alta resistencia, ideal para clasificar y almacenar residuos no reciclables en hogares, oficinas o instituciones.<\/p>\n","protected":false},"featured_media":225,"comment_status":"open","ping_status":"closed","template":"","meta":[],"product_brand":[],"product_cat":[43,38],"product_tag":[],"class_list":{"0":"post-224","1":"product","2":"type-product","3":"status-publish","4":"has-post-thumbnail","6":"product_cat-campna","7":"product_cat-tachos","9":"first","10":"instock","11":"shipping-taxable","12":"product-type-simple"},"_links":{"self":[{"href":"https:\/\/mercaplast.sistema-wp.com\/index.php?rest_route=\/wp\/v2\/product\/224","targetHints":{"allow":["GET"]}}],"collection":[{"href":"https:\/\/mercaplast.sistema-wp.com\/index.php?rest_route=\/wp\/v2\/product"}],"about":[{"href":"https:\/\/mercaplast.sistema-wp.com\/index.php?rest_route=\/wp\/v2\/types\/product"}],"replies":[{"embeddable":true,"href":"https:\/\/mercaplast.sistema-wp.com\/index.php?rest_route=%2Fwp%2Fv2%2Fcomments&post=224"}],"wp:featuredmedia":[{"embeddable":true,"href":"https:\/\/mercaplast.sistema-wp.com\/index.php?rest_route=\/wp\/v2\/media\/225"}],"wp:attachment":[{"href":"https:\/\/mercaplast.sistema-wp.com\/index.php?rest_route=%2Fwp%2Fv2%2Fmedia&parent=224"}],"wp:term":[{"taxonomy":"product_brand","embeddable":true,"href":"https:\/\/mercaplast.sistema-wp.com\/index.php?rest_route=%2Fwp%2Fv2%2Fproduct_brand&post=224"},{"taxonomy":"product_cat","embeddable":true,"href":"https:\/\/mercaplast.sistema-wp.com\/index.php?rest_route=%2Fwp%2Fv2%2Fproduct_cat&post=224"},{"taxonomy":"product_tag","embeddable":true,"href":"https:\/\/mercaplast.sistema-wp.com\/index.php?rest_route=%2Fwp%2Fv2%2Fproduct_tag&post=224"}],"curies":[{"name":"wp","href":"https:\/\/api.w.org\/{rel}","templated":true}]}}