{"id":211,"date":"2025-11-27T20:24:26","date_gmt":"2025-11-27T20:24:26","guid":{"rendered":"https:\/\/mercamax.sistema-wp.com\/?post_type=product&#038;p=211"},"modified":"2025-11-27T21:49:54","modified_gmt":"2025-11-27T21:49:54","slug":"contenedor-biologico-de-cortopunzante-rectangular","status":"publish","type":"product","link":"https:\/\/mercaplast.sistema-wp.com\/?product=contenedor-biologico-de-cortopunzante-rectangular","title":{"rendered":"Contenedor Biol\u00f3gico de Cortopunzante Rectangular"},"content":{"rendered":"<h2>Descripci\u00f3n del producto<\/h2>\n<p>Recipiente r\u00edgido, herm\u00e9tico y desechable para residuos cortopunzantes de uso m\u00e9dico.<\/p>\n<p>Desechable.<\/p>\n<p>Rectangular rojo con manillas para agarre y transporte.<\/p>\n<p>Base plana.<\/p>\n<p>Paredes gruesas.<\/p>\n<p>Tapa transparente que se engancha al contenedor.<\/p>\n<p>Dispositivo de cierre de seguridad inviolable.<\/p>\n<h3 data-start=\"1537\" data-end=\"1571\"><strong data-start=\"1537\" data-end=\"1569\">Caracter\u00edsticas principales:<\/strong><\/h3>\n<p>Compuesto por los siguientes elementos:<\/p>\n<ul>\n<li>Contenedor en polipropileno, de color rojo.<\/li>\n<li>Tapa en polipropileno homo, color natural.<\/li>\n<li>Etiqueta de identificaci\u00f3n con s\u00edmbolo universal de riesgo biol\u00f3gico.<\/li>\n<\/ul>\n","protected":false},"excerpt":{"rendered":"<p>Se usan para el almacenamiento temporal y desecho de elementos de uso m\u00e9dico.<\/p>\n","protected":false},"featured_media":219,"comment_status":"open","ping_status":"closed","template":"","meta":[],"product_brand":[],"product_cat":[39],"product_tag":[],"class_list":{"0":"post-211","1":"product","2":"type-product","3":"status-publish","4":"has-post-thumbnail","6":"product_cat-familia-bioseguridad","8":"first","9":"instock","10":"shipping-taxable","11":"product-type-simple"},"_links":{"self":[{"href":"https:\/\/mercaplast.sistema-wp.com\/index.php?rest_route=\/wp\/v2\/product\/211","targetHints":{"allow":["GET"]}}],"collection":[{"href":"https:\/\/mercaplast.sistema-wp.com\/index.php?rest_route=\/wp\/v2\/product"}],"about":[{"href":"https:\/\/mercaplast.sistema-wp.com\/index.php?rest_route=\/wp\/v2\/types\/product"}],"replies":[{"embeddable":true,"href":"https:\/\/mercaplast.sistema-wp.com\/index.php?rest_route=%2Fwp%2Fv2%2Fcomments&post=211"}],"wp:featuredmedia":[{"embeddable":true,"href":"https:\/\/mercaplast.sistema-wp.com\/index.php?rest_route=\/wp\/v2\/media\/219"}],"wp:attachment":[{"href":"https:\/\/mercaplast.sistema-wp.com\/index.php?rest_route=%2Fwp%2Fv2%2Fmedia&parent=211"}],"wp:term":[{"taxonomy":"product_brand","embeddable":true,"href":"https:\/\/mercaplast.sistema-wp.com\/index.php?rest_route=%2Fwp%2Fv2%2Fproduct_brand&post=211"},{"taxonomy":"product_cat","embeddable":true,"href":"https:\/\/mercaplast.sistema-wp.com\/index.php?rest_route=%2Fwp%2Fv2%2Fproduct_cat&post=211"},{"taxonomy":"product_tag","embeddable":true,"href":"https:\/\/mercaplast.sistema-wp.com\/index.php?rest_route=%2Fwp%2Fv2%2Fproduct_tag&post=211"}],"curies":[{"name":"wp","href":"https:\/\/api.w.org\/{rel}","templated":true}]}}